{"id":1384,"date":"2018-04-09T03:24:28","date_gmt":"2018-04-09T03:24:28","guid":{"rendered":"http:\/\/sw-themes.com\/porto_dummy\/product\/import-placeholder-for-1285\/"},"modified":"2022-02-02T19:52:36","modified_gmt":"2022-02-02T19:52:36","slug":"mec-dragon","status":"publish","type":"product","link":"https:\/\/meccozum.com\/ar\/mec-dragon\/","title":{"rendered":"MEC Dragon"},"content":{"rendered":"<div class=\"wpb-content-wrapper\"><p>[vc_row el_class=&#8221;m-b-md&#8221;][vc_column][vc_column_text]AK\u00dcL\u00dc MERD\u0130VEN ENGELL\u0130 TA\u015eIMA VE \u0130LETME S\u0130STEM\u0130<br \/>\nAk\u00fcl\u00fc olarak \u00e7al\u0131\u015fan <strong>dragon merdiven \u00e7\u0131kma inme<\/strong> merdiven \u00e7\u0131karma indirme cihaz\u0131 paletli sisteme sahiptir. Refakat\u00e7i<br \/>\nyard\u0131m\u0131yla merdivenleri inip \u00e7\u0131kabilir. Refakat\u00e7i cihaz\u0131 kullan\u0131rken minimum g\u00fc\u00e7 sarf eder.<br \/>\nBa\u015f deste\u011fi ve seviyesi ayarlanabilir. Merdivenlerin e\u011fimine g\u00f6re palet a\u00e7\u0131s\u0131 iki kademeli<br \/>\nse\u00e7ene\u011fe sahiptir. Olas\u0131 bir ar\u0131za durumunda (<strong>dragon merdiven \u00e7\u0131kma inme<\/strong>) yard\u0131mc\u0131 kollar sayesinde manuel transfer<br \/>\nile tahliye edilebilir. Gerek kullan\u0131m\u0131nda gerekse depolama a\u00e7\u0131s\u0131ndan olduk\u00e7a kompakt<br \/>\nyap\u0131dad\u0131r ve hafiftir. Kullan\u0131m\u0131 olduk\u00e7a basit ve g\u00fcvenlidir.[\/vc_column_text][\/vc_column][\/vc_row]<\/p>\n<\/div>","protected":false},"excerpt":{"rendered":"<p>Ak\u00fcl\u00fc olarak \u00e7al\u0131\u015fan merdiven \u00e7\u0131karma indirme cihaz\u0131 paletli sisteme sahiptir. Refakat\u00e7i yard\u0131m\u0131yla merdivenleri inip \u00e7\u0131kabilir. Refakat\u00e7i cihaz\u0131 kullan\u0131rken minimum g\u00fc\u00e7 sarf eder. Ba\u015f deste\u011fi ve seviyesi ayarlanabilir. Merdivenlerin e\u011fimine g\u00f6re palet a\u00e7\u0131s\u0131 iki kademeli se\u00e7ene\u011fe sahiptir.<\/p>\n","protected":false},"featured_media":2083,"comment_status":"open","ping_status":"closed","template":"","meta":[],"product_brand":[],"product_cat":[38,37,92],"product_tag":[],"class_list":{"0":"post-1384","1":"product","2":"type-product","3":"status-publish","4":"has-post-thumbnail","6":"product_cat-aktaran","7":"product_cat-merdiven-inme-cikma-cihazi","8":"product_cat-merdiven-tirmanici","10":"first","11":"instock","12":"featured","13":"virtual","14":"product-type-simple"},"_links":{"self":[{"href":"https:\/\/meccozum.com\/ar\/wp-json\/wp\/v2\/product\/1384","targetHints":{"allow":["GET"]}}],"collection":[{"href":"https:\/\/meccozum.com\/ar\/wp-json\/wp\/v2\/product"}],"about":[{"href":"https:\/\/meccozum.com\/ar\/wp-json\/wp\/v2\/types\/product"}],"replies":[{"embeddable":true,"href":"https:\/\/meccozum.com\/ar\/wp-json\/wp\/v2\/comments?post=1384"}],"wp:featuredmedia":[{"embeddable":true,"href":"https:\/\/meccozum.com\/ar\/wp-json\/wp\/v2\/media\/2083"}],"wp:attachment":[{"href":"https:\/\/meccozum.com\/ar\/wp-json\/wp\/v2\/media?parent=1384"}],"wp:term":[{"taxonomy":"product_brand","embeddable":true,"href":"https:\/\/meccozum.com\/ar\/wp-json\/wp\/v2\/product_brand?post=1384"},{"taxonomy":"product_cat","embeddable":true,"href":"https:\/\/meccozum.com\/ar\/wp-json\/wp\/v2\/product_cat?post=1384"},{"taxonomy":"product_tag","embeddable":true,"href":"https:\/\/meccozum.com\/ar\/wp-json\/wp\/v2\/product_tag?post=1384"}],"curies":[{"name":"wp","href":"https:\/\/api.w.org\/{rel}","templated":true}]}}