{"id":2148,"date":"2021-02-02T11:56:11","date_gmt":"2021-02-02T11:56:11","guid":{"rendered":"https:\/\/meccozum.com\/?post_type=product&#038;p=2148"},"modified":"2022-05-11T15:45:54","modified_gmt":"2022-05-11T15:45:54","slug":"domino-people","status":"publish","type":"product","link":"https:\/\/meccozum.com\/ar\/domino-people\/","title":{"rendered":"Domino People"},"content":{"rendered":"<h3>Operat\u00f6r \u0130\u00e7in Handy Ve Ki\u015fi \u0130\u00e7in Ki\u015fi G\u00fcvenli<\/h3>\n<p>Domino People, hem elektrikli hem de elle \u00e7al\u0131\u015fan tekerlekli sandalyeleri ta\u015f\u0131yabilen yeni bir merdiven t\u0131rmanma arabas\u0131 t\u00fcr\u00fcd\u00fcr.\u00a0400 Kg kapasiteye sahiptir ve merdiven \u00fczerindeki y\u00f6r\u00fcngeyi de\u011fi\u015ftirmek i\u00e7in de kullan\u0131labilen ba\u011f\u0131ms\u0131z paletli paletler ile donat\u0131lm\u0131\u015ft\u0131r, bir joystick kullanarak kolay ve sezgisel bir \u015fekilde kontrol edilir.\u00a0Tekerlekli sandalyeyi merdiven \u00fczerinde otomatik olarak yat\u0131r\u0131r ve operat\u00f6r herhangi bir zamanda konumunu de\u011fi\u015ftirmeyi se\u00e7ebilir.<\/p>\n<p>&nbsp;<\/p>\n<h3>Kullan\u0131m\u0131 Ve G\u00fcvenli\u011fi Kolay<\/h3>\n<p>U\u00e7ak hareketi \u00fc\u00e7 delinmeye diren\u00e7li tekerlekle sa\u011flan\u0131rken paletli paletler, basamaklar\u0131 ve e\u011fimli d\u00fczlemleri ge\u00e7mek i\u00e7in kullan\u0131l\u0131r. Paletli paletler \u00fczerindeki \u00e7eki\u015f 2 ba\u011f\u0131ms\u0131z elektrik motoru taraf\u0131ndan sa\u011flan\u0131r, bu nedenle y\u00f6n de\u011fi\u015ftirmek veya spiral merdivenleri ge\u00e7mek m\u00fcmk\u00fcnd\u00fcr. Y\u00fck e\u011fimi otomatik olarak ger\u00e7ekle\u015fir, ancak operat\u00f6r herhangi bir tu\u015fa basarak herhangi bir zamanda de\u011fi\u015ftirmeye karar verebilir. Standart y\u00fckleme platformu, farkl\u0131 tekerlekli sandalyelerin y\u00fcklenmesini m\u00fcmk\u00fcn k\u0131lar, ancak \u00f6zel bir boyutta talep etmek ve b\u00f6ylece daha geni\u015f bir y\u00fckleme taban\u0131na sahip olmak m\u00fcmk\u00fcnd\u00fcr.<\/p>\n<p>Wheelcha\u0131r Aksesuar<\/p>\n<p>Tekerlekli sandalyeler i\u00e7in aksesuar, zaman i\u00e7inde s\u00fcreyi garanti etmek i\u00e7in ortada destekleri olan teleskopik s\u00f6k\u00fclebilir rampalarla donat\u0131lm\u0131\u015ft\u0131r. Rampalar\u0131 uzatabilmek, operat\u00f6r\u00fcn devrilme yerini zemine g\u00f6re azaltmas\u0131na olanak sa\u011flayarak, tekerlekli sandalyenin nakliye y\u00fczeyine y\u00fcklenmesini kolayla\u015ft\u0131r\u0131r.<\/p>\n<p>&nbsp;<\/p>\n<h3>\u0130\u00e7 Ve D\u0131\u015f Y\u00fczeyler \u0130\u00e7in Uygun Crawler Tracks<\/h3>\n<p>Domino People, geleneksel paletli palet t\u0131rmanma arabas\u0131yla kar\u015f\u0131la\u015ft\u0131r\u0131ld\u0131\u011f\u0131nda daha geni\u015f paletli paletler ile donat\u0131lm\u0131\u015ft\u0131r; bu sayede merdivenlerin daha rahat ve g\u00fcvenli bir \u015fekilde ta\u015f\u0131nmas\u0131n\u0131 sa\u011flar. D\u0131\u015f merdivenler de dahil olmak \u00fczere, farkl\u0131 y\u00fczeylerde, en hassas olandan daha sert olana do\u011fru seyahat etmek de m\u00fcmk\u00fcnd\u00fcr.<\/p>\n<h3>Seyahat Konfor<\/h3>\n<p>Servis arabas\u0131, elektrikli ya da elle \u00e7al\u0131\u015fan tekerlekli sandalyeleri 400 Kg\u2019ye kadar ta\u015f\u0131yabilir.<br \/>\nDomino People\u2019\u0131n sahip oldu\u011fu geli\u015fmi\u015f elektronik par\u00e7alar, joystick\u2019in nas\u0131l hareket etti\u011fine ba\u011fl\u0131 olarak hareket h\u0131z\u0131n\u0131 ayarlamay\u0131 m\u00fcmk\u00fcn k\u0131larak yolcu deneyimini benzersiz ve g\u00fcvenli hale getiriyor.<\/p>\n","protected":false},"excerpt":{"rendered":"<p>Operat\u00f6r \u0130\u00e7in Handy Ve Ki\u015fi \u0130\u00e7in Ki\u015fi G\u00fcvenli Domino People, hem elektrikli hem de elle \u00e7al\u0131\u015fan tekerlekli sandalyeleri ta\u015f\u0131yabilen yeni bir merdiven t\u0131rmanma arabas\u0131 t\u00fcr\u00fcd\u00fcr.\u00a0400 Kg kapasiteye sahiptir ve merdiven \u00fczerindeki y\u00f6r\u00fcngeyi de\u011fi\u015ftirmek i\u00e7in de kullan\u0131labilen ba\u011f\u0131ms\u0131z paletli paletler ile donat\u0131lm\u0131\u015ft\u0131r, bir joystick kullanarak kolay ve sezgisel bir \u015fekilde kontrol edilir.\u00a0Tekerlekli sandalyeyi merdiven \u00fczerinde otomatik [&hellip;]<\/p>\n","protected":false},"featured_media":2153,"comment_status":"open","ping_status":"closed","template":"","meta":[],"product_brand":[],"product_cat":[37,92],"product_tag":[],"class_list":{"0":"post-2148","1":"product","2":"type-product","3":"status-publish","4":"has-post-thumbnail","6":"product_cat-merdiven-inme-cikma-cihazi","7":"product_cat-merdiven-tirmanici","9":"first","10":"instock","11":"shipping-taxable","12":"product-type-simple"},"_links":{"self":[{"href":"https:\/\/meccozum.com\/ar\/wp-json\/wp\/v2\/product\/2148","targetHints":{"allow":["GET"]}}],"collection":[{"href":"https:\/\/meccozum.com\/ar\/wp-json\/wp\/v2\/product"}],"about":[{"href":"https:\/\/meccozum.com\/ar\/wp-json\/wp\/v2\/types\/product"}],"replies":[{"embeddable":true,"href":"https:\/\/meccozum.com\/ar\/wp-json\/wp\/v2\/comments?post=2148"}],"wp:featuredmedia":[{"embeddable":true,"href":"https:\/\/meccozum.com\/ar\/wp-json\/wp\/v2\/media\/2153"}],"wp:attachment":[{"href":"https:\/\/meccozum.com\/ar\/wp-json\/wp\/v2\/media?parent=2148"}],"wp:term":[{"taxonomy":"product_brand","embeddable":true,"href":"https:\/\/meccozum.com\/ar\/wp-json\/wp\/v2\/product_brand?post=2148"},{"taxonomy":"product_cat","embeddable":true,"href":"https:\/\/meccozum.com\/ar\/wp-json\/wp\/v2\/product_cat?post=2148"},{"taxonomy":"product_tag","embeddable":true,"href":"https:\/\/meccozum.com\/ar\/wp-json\/wp\/v2\/product_tag?post=2148"}],"curies":[{"name":"wp","href":"https:\/\/api.w.org\/{rel}","templated":true}]}}