{"id":1369,"date":"2018-04-09T03:24:26","date_gmt":"2018-04-09T03:24:26","guid":{"rendered":"http:\/\/sw-themes.com\/porto_dummy\/product\/import-placeholder-for-1261\/"},"modified":"2022-05-11T15:34:33","modified_gmt":"2022-05-11T15:34:33","slug":"c-max","status":"publish","type":"product","link":"https:\/\/meccozum.com\/en\/c-max\/","title":{"rendered":"C-Max"},"content":{"rendered":"<div class=\"wpb-content-wrapper\"><p>[vc_row el_class=&#8221;m-b-md&#8221;][vc_column width=&#8221;1\/2&#8243;][vc_single_image image=&#8221;2168&#8243; img_size=&#8221;full&#8221;][\/vc_column][vc_column width=&#8221;1\/2&#8243;][vc_column_text]<\/p>\n<h3>C-Max Genel \u00d6zellikleri<\/h3>\n<ul>\n<li><strong>C-max<\/strong>&#8216;\u0131n en \u00f6nemli \u00f6zellikleri <strong>g\u00fcvenlik<\/strong>, \u00e7ok y\u00f6nl\u00fcl\u00fck ve rahatl\u0131kt\u0131r. Bu standarda ula\u015fmak i\u00e7in hayat\u0131n\u0131z\u0131 kolayla\u015ft\u0131racak \u00e7ok say\u0131da ak\u0131ll\u0131 \u00e7\u00f6z\u00fcm geli\u015ftirdik. Konunun temelinde, adeta tek ba\u015f\u0131na merdivenleri t\u0131rmanan patentli t\u0131rmanma mekanizmas\u0131 yatmaktad\u0131r.<\/li>\n<li>C-max&#8217;\u0131n iki versiyonu mevcuttur: <strong>maksimum a\u011f\u0131rl\u0131\u011f\u0131 140 kg<\/strong> veya <strong>160 kg<\/strong> olan ki\u015filer i\u00e7in.<\/li>\n<li>C-max&#8217;\u0131n g\u00fcvenlik frenleri her basama\u011f\u0131n kenar\u0131nda otomatik olarak durur. Sa\u011flam t\u0131rman\u0131c\u0131lar\u0131 basama\u011fa \u00e7ok iyi yap\u0131\u015fmaktad\u0131r.<\/li>\n<li><strong>Paletlerdeki esnek ve sa\u011flam teknoloji sayesinde<\/strong>, basit ve rahat bir kullan\u0131m sa\u011flar ve merdiven kenarlar\u0131n\u0131n zarar g\u00f6rmesini \u00f6nler.<\/li>\n<li><strong>Paletler c-max&#8217;\u0131 \u00f6zellikle \u00e7ok y\u00f6nl\u00fc hale getiriyor<\/strong>. Ah\u015fap, ta\u015f, metal, PVC veya hal\u0131 gibi her t\u00fcrl\u00fc merdiven kaplamas\u0131nda kullan\u0131labilir. B\u00fcy\u00fck tekerlekler ve t\u0131rman\u0131c\u0131lar, \u0131zgaral\u0131 merdivenlerde bile kullan\u0131ma izin veriyor!<\/li>\n<\/ul>\n<p>Maksimum konforunuz i\u00e7in t\u0131rmanma h\u0131z\u0131n\u0131 diledi\u011finiz gibi se\u00e7ebilirsiniz, tek ad\u0131m modu, gerekirse etkinle\u015ftirebilece\u011finiz entegre bir \u00f6zelliktir.[\/vc_column_text][\/vc_column][\/vc_row][vc_row el_class=&#8221;m-b-md&#8221;][vc_column width=&#8221;1\/2&#8243;][vc_column_text]<\/p>\n<h3>Kolay ve kullan\u0131\u015fl\u0131 &#8211;<br \/>\nc-max k\u0131sa s\u00fcrede kullan\u0131ma haz\u0131rd\u0131r<\/h3>\n<p>H\u0131zl\u0131 ve zahmetsizce c-max&#8217;\u0131 s\u00f6kebilir ve araban\u0131n bagaj\u0131nda \u200b\u200bsaklayabilirsiniz. Cihaz\u0131n ayarlanabilir kollar\u0131 ve ergonomik kontrol \u00fcnitesi, c-max&#8217;\u0131 \u00f6zellikle kullan\u0131c\u0131 dostu yapar. \u00c7e\u015fitli durumlara uygun \u015fekilde adapte olman\u0131z\u0131 sa\u011flayan ayarlanabilir s\u00fcr\u00fc\u015f h\u0131z\u0131 sayesinde c-max&#8217;\u0131n kontrol\u00fc her zaman sizdedir. Standart motor immobilizeri, yetkisiz kullan\u0131m\u0131 \u00f6nler. \u00c7\u0131kar\u0131labilir pil tak\u0131m\u0131, \u015farj cihaz\u0131n\u0131 (teslimat kapsam\u0131na dahildir) herhangi bir duvar prizine takarak c-max&#8217;dan ayr\u0131 olarak \u015farj edebilirsiniz.<\/p>\n<p><img loading=\"lazy\" decoding=\"async\" class=\"alignnone size-full wp-image-2167\" src=\"https:\/\/meccozum.com\/wp-content\/uploads\/2018\/04\/c-max_Anwend_koffer.jpg\" alt=\"\" width=\"1600\" height=\"1064\" title=\"\" srcset=\"https:\/\/meccozum.com\/wp-content\/uploads\/2018\/04\/c-max_Anwend_koffer.jpg 1600w, https:\/\/meccozum.com\/wp-content\/uploads\/2018\/04\/c-max_Anwend_koffer-1024x681.jpg 1024w, https:\/\/meccozum.com\/wp-content\/uploads\/2018\/04\/c-max_Anwend_koffer-768x511.jpg 768w, https:\/\/meccozum.com\/wp-content\/uploads\/2018\/04\/c-max_Anwend_koffer-1536x1021.jpg 1536w, https:\/\/meccozum.com\/wp-content\/uploads\/2018\/04\/c-max_Anwend_koffer-640x426.jpg 640w, https:\/\/meccozum.com\/wp-content\/uploads\/2018\/04\/c-max_Anwend_koffer-400x266.jpg 400w, https:\/\/meccozum.com\/wp-content\/uploads\/2018\/04\/c-max_Anwend_koffer-600x399.jpg 600w\" sizes=\"auto, (max-width: 1600px) 100vw, 1600px\" \/>[\/vc_column_text][\/vc_column][vc_column width=&#8221;1\/2&#8243;][vc_single_image image=&#8221;2169&#8243; img_size=&#8221;full&#8221;][\/vc_column][\/vc_row][vc_row el_class=&#8221;m-b-md&#8221;][vc_column width=&#8221;1\/2&#8243;][vc_single_image image=&#8221;2170&#8243; img_size=&#8221;full&#8221;][\/vc_column][vc_column width=&#8221;1\/2&#8243;][vc_column_text]<\/p>\n<h3>Her Zemine Uygun Hareket Kabiliyeti<\/h3>\n<ul>\n<li>G\u00fcvenli ve sa\u011flam bir zemin i\u00e7in tekerlekleri t\u0131rmanmak yerine da\u011fc\u0131lar<\/li>\n<li>D\u00fc\u015f\u00fck a\u011f\u0131rl\u0131k ve kolay s\u00f6kme<\/li>\n<li>Merdiven kenarlar\u0131nda hasar yok<\/li>\n<li>Virajl\u0131 veya dar merdivenlerde bile y\u00fcksek \u00e7ok y\u00f6nl\u00fcl\u00fck<\/li>\n<li>Ayn\u0131 zamanda itici tekerlekli sandalye olarak da kullan\u0131lmak \u00fczere, sa\u011flam yap\u0131<\/li>\n<li>S\u00fcrekli ayarlanabilir t\u0131rmanma h\u0131z\u0131<\/li>\n<li>Tek ad\u0131ml\u0131 modComfortStep &#8211; konforlu bir s\u00fcr\u00fc\u015f deneyimi i\u00e7in<\/li>\n<li>Patentli t\u0131rmanma sistemi, c-max&#8217;\u0131 \u00f6zellikle \u00e7ok y\u00f6nl\u00fc ve g\u00fcvenli hale getirir.<\/li>\n<\/ul>\n<p>[\/vc_column_text][\/vc_column][\/vc_row][vc_row el_class=&#8221;m-b-md&#8221;][vc_column width=&#8221;1\/2&#8243;][vc_column_text]<\/p>\n<h2>Portatif Merdiven \u00c7\u0131kma Aparat\u0131<\/h2>\n<p>Portatif merdiven \u00e7\u0131kma aparat\u0131 <strong>AAT C-MAX<\/strong> merdiven \u00e7\u0131kma cihaz\u0131, her alandan ve her ko\u015fulda bekleneni veren bir performansl\u0131 cihazd\u0131r.<\/p>\n<p>C-MAX Kullanma K\u0131lavuzu[\/vc_column_text][\/vc_column][vc_column width=&#8221;1\/2&#8243;][vc_single_image image=&#8221;2172&#8243; img_size=&#8221;full&#8221; label=&#8221;&#8221;][\/vc_column][\/vc_row]<\/p>\n<\/div>","protected":false},"excerpt":{"rendered":"<h2>Spiral ve Dar merdivenler i\u00e7in Merdiven t\u0131rman\u0131c\u0131<\/h2>\n<p><strong>C-max<\/strong>, dar merdivenleri veya di\u011fer engelleri hem bina i\u00e7inde hem de d\u0131\u015far\u0131da rahat\u00e7a a\u015fman\u0131z\u0131 sa\u011flar. Patentli t\u0131rmanma kinemati\u011fi, t\u0131rmanma s\u00fcrecini pratik olarak yapmaktad\u0131r. <strong>C-Max<\/strong> merdiven t\u0131rman\u0131c\u0131y\u0131 kullanan operat\u00f6r \u00e7ok az fiziksel g\u00fc\u00e7 harcayarak <strong>c-max<\/strong>&#8216;\u0131 y\u00f6nlendirir. <strong>C-max<\/strong>&#8216;\u0131n d\u00fc\u015f\u00fck a\u011f\u0131rl\u0131\u011f\u0131 ve kolay ve h\u0131zl\u0131 bir \u015fekilde s\u00f6k\u00fclebilmesi, c-max&#8217;\u0131 her yere g\u00f6t\u00fcrmeyi m\u00fcmk\u00fcn k\u0131lar. Bu \u015fekilde hedefinize g\u00fcvenli ve rahat bir \u015fekilde ula\u015f\u0131rs\u0131n\u0131z.<\/p>\n<h3>C-MAX Spiral Merdiven T\u0131rman\u0131c\u0131<\/h3>\n<p>C-MAX Spiral Merdiven T\u0131rman\u0131c\u0131 alman markas\u0131 olan C-MAX en zor ko\u015fullar alt\u0131ndan 170KG. kadar dar yada geni\u015f, d\u00f6ner spiral yada d\u00fcz merdiven olsun fark etmeksizin \u00e7al\u0131\u015fmaktad\u0131r.<br \/>\nHer alanda, her materyal \u00fczerinden kaymayan, sa\u011fl\u0131kl\u0131 ve h\u0131zl\u0131 mobil eri\u015fim cihaz\u0131.<\/p>\n","protected":false},"featured_media":2084,"comment_status":"open","ping_status":"closed","template":"","meta":[],"product_brand":[],"product_cat":[38,37,92],"product_tag":[],"class_list":{"0":"post-1369","1":"product","2":"type-product","3":"status-publish","4":"has-post-thumbnail","6":"product_cat-aktaran","7":"product_cat-merdiven-inme-cikma-cihazi","8":"product_cat-merdiven-tirmanici","10":"first","11":"instock","12":"shipping-taxable","13":"product-type-simple"},"_links":{"self":[{"href":"https:\/\/meccozum.com\/en\/wp-json\/wp\/v2\/product\/1369","targetHints":{"allow":["GET"]}}],"collection":[{"href":"https:\/\/meccozum.com\/en\/wp-json\/wp\/v2\/product"}],"about":[{"href":"https:\/\/meccozum.com\/en\/wp-json\/wp\/v2\/types\/product"}],"replies":[{"embeddable":true,"href":"https:\/\/meccozum.com\/en\/wp-json\/wp\/v2\/comments?post=1369"}],"wp:featuredmedia":[{"embeddable":true,"href":"https:\/\/meccozum.com\/en\/wp-json\/wp\/v2\/media\/2084"}],"wp:attachment":[{"href":"https:\/\/meccozum.com\/en\/wp-json\/wp\/v2\/media?parent=1369"}],"wp:term":[{"taxonomy":"product_brand","embeddable":true,"href":"https:\/\/meccozum.com\/en\/wp-json\/wp\/v2\/product_brand?post=1369"},{"taxonomy":"product_cat","embeddable":true,"href":"https:\/\/meccozum.com\/en\/wp-json\/wp\/v2\/product_cat?post=1369"},{"taxonomy":"product_tag","embeddable":true,"href":"https:\/\/meccozum.com\/en\/wp-json\/wp\/v2\/product_tag?post=1369"}],"curies":[{"name":"wp","href":"https:\/\/api.w.org\/{rel}","templated":true}]}}