{"id":2122,"date":"2021-02-02T11:30:47","date_gmt":"2021-02-02T11:30:47","guid":{"rendered":"https:\/\/meccozum.com\/?post_type=product&#038;p=2122"},"modified":"2022-05-11T15:22:52","modified_gmt":"2022-05-11T15:22:52","slug":"koltuklu-merdiven-asansoru","status":"publish","type":"product","link":"https:\/\/meccozum.com\/en\/koltuklu-merdiven-asansoru\/","title":{"rendered":"Koltuklu Merdiven Asans\u00f6r\u00fc"},"content":{"rendered":"<p>merdiven asans\u00f6rleri maksimum konfor ve g\u00fcvenlik standartlar\u0131 ile tasarlanm\u0131\u015f, d\u00fcnyan\u0131n en geli\u015fmi\u015f merdiven asans\u00f6r\u00fcd\u00fcr.<br \/>\nTeknolojisi ile konforlu ve sessiz \u00e7al\u0131\u015f\u0131rken, yumu\u015fak bir duru\u015f sa\u011flar.<br \/>\nD\u00f6ner merdivenler i\u00e7in ideal bir \u00e7\u00f6z\u00fcm olan asans\u00f6r\u00fcm\u00fcz\u00fc evinizde yap\u0131sal bir de\u011fi\u015fiklik olmadan da uygulanabilir.<br \/>\nYaln\u0131zca birka\u00e7 saat i\u00e7erisinde sorunsuz olarak montaj\u0131 sa\u011flan\u0131r.<br \/>\nYeni nesil merdiven asans\u00f6r\u00fcm\u00fcz, \u00f6zel olarak geli\u015ftirilen yaz\u0131l\u0131m ve donan\u0131m ile hareket etmektedir.<br \/>\nBu yaz\u0131l\u0131m ile asans\u00f6r\u00fcn nerede duraca\u011f\u0131, nerede yava\u015flayaca\u011f\u0131 ve h\u0131z\u0131 ayarland\u0131\u011f\u0131 i\u00e7in mekanik olarak yava\u015flama ve duru\u015f sa\u011flayan eski nesil asans\u00f6rlere g\u00f6re \u00e7ok daha g\u00fcvenli ve konforlu s\u00fcr\u00fc\u015f sa\u011flamaktad\u0131r.<br \/>\nE\u011fer eviniz \u00e7ok katl\u0131 ve katlara eri\u015fmek i\u00e7in bir asans\u00f6re ihtiyac\u0131n\u0131z var ise fakat klasik tip asans\u00f6r yapt\u0131rmak i\u00e7in uygun ve yeterli bir yer bulam\u0131yorsan\u0131z, koltuklu merdiven asans\u00f6rleri tam size g\u00f6re bir \u00fcr\u00fcnd\u00fcr. Asans\u00f6rlerimiz sayesinde evinizin merdivenlerinden kolayca inip \u00e7\u0131kacak ve katlara kolayca ula\u015fabileceksiniz.<\/p>\n<p>Koltuk tipi merdiven asans\u00f6rlerini sizde \u00e7ok uygun fiyatlara sat\u0131n alabilirsiniz.<\/p>\n<p>Merdiven Asans\u00f6rlerimiz ile beraber hayat\u0131n\u0131z \u00e7ok daha kolayla\u015facak. Sizde bir merdiven asans\u00f6r\u00fc sahibi olabilirsiniz. Tek yapman\u0131z gereken merdiven asans\u00f6rlerimizi incelemek ve bizi aramak.<\/p>\n","protected":false},"excerpt":{"rendered":"<p>E\u011fer eviniz \u00e7ok katl\u0131 ve katlara eri\u015fmek i\u00e7in bir asans\u00f6re ihtiyac\u0131n\u0131z var ise fakat klasik tip asans\u00f6r yapt\u0131rmak i\u00e7in uygun ve yeterli bir yer bulam\u0131yorsan\u0131z, koltuklu merdiven asans\u00f6rleri tam size g\u00f6re bir \u00fcr\u00fcnd\u00fcr. Asans\u00f6rlerimiz sayesinde evinizin merdivenlerinden kolayca inip \u00e7\u0131kacak ve katlara kolayca ula\u015fabileceksiniz.<\/p>\n","protected":false},"featured_media":2124,"comment_status":"open","ping_status":"closed","template":"","meta":[],"product_brand":[],"product_cat":[89,90],"product_tag":[],"class_list":{"0":"post-2122","1":"product","2":"type-product","3":"status-publish","4":"has-post-thumbnail","6":"product_cat-engelli-asansoru","7":"product_cat-yasli-asansoru","9":"first","10":"instock","11":"featured","12":"shipping-taxable","13":"product-type-simple"},"_links":{"self":[{"href":"https:\/\/meccozum.com\/en\/wp-json\/wp\/v2\/product\/2122","targetHints":{"allow":["GET"]}}],"collection":[{"href":"https:\/\/meccozum.com\/en\/wp-json\/wp\/v2\/product"}],"about":[{"href":"https:\/\/meccozum.com\/en\/wp-json\/wp\/v2\/types\/product"}],"replies":[{"embeddable":true,"href":"https:\/\/meccozum.com\/en\/wp-json\/wp\/v2\/comments?post=2122"}],"wp:featuredmedia":[{"embeddable":true,"href":"https:\/\/meccozum.com\/en\/wp-json\/wp\/v2\/media\/2124"}],"wp:attachment":[{"href":"https:\/\/meccozum.com\/en\/wp-json\/wp\/v2\/media?parent=2122"}],"wp:term":[{"taxonomy":"product_brand","embeddable":true,"href":"https:\/\/meccozum.com\/en\/wp-json\/wp\/v2\/product_brand?post=2122"},{"taxonomy":"product_cat","embeddable":true,"href":"https:\/\/meccozum.com\/en\/wp-json\/wp\/v2\/product_cat?post=2122"},{"taxonomy":"product_tag","embeddable":true,"href":"https:\/\/meccozum.com\/en\/wp-json\/wp\/v2\/product_tag?post=2122"}],"curies":[{"name":"wp","href":"https:\/\/api.w.org\/{rel}","templated":true}]}}