{"id":2144,"date":"2021-02-02T11:51:19","date_gmt":"2021-02-02T11:51:19","guid":{"rendered":"https:\/\/meccozum.com\/?post_type=product&#038;p=2144"},"modified":"2022-05-13T05:30:44","modified_gmt":"2022-05-13T05:30:44","slug":"tgr-tekerlekli-sandalye-tasima-cihazi","status":"publish","type":"product","link":"https:\/\/meccozum.com\/en\/tgr-tekerlekli-sandalye-tasima-cihazi\/","title":{"rendered":"TGR Tekerlekli Sandalye Ta\u015f\u0131ma Cihaz\u0131"},"content":{"rendered":"<p>TGR d\u00fcnyan\u0131n en iyi merdiven \u00e7\u0131kma-inme cihazlar\u0131n\u0131 \u00fcreten \u00f6nc\u00fc markalardan biridir.<br \/>\nTGR neredeyse t\u00fcm merdiven tiplerine uygun farkl\u0131 modeller \u00fcretebilmektedir.<br \/>\nJolly Ramp, engellilerin eri\u015filebilirli\u011fini sa\u011flayan, tekerlekli sandalye kullan\u0131c\u0131s\u0131n\u0131 sandalyesi ile birlikte ta\u015f\u0131yan m\u00fckemmel bir engelli eri\u015fim sistemidir.<br \/>\nPlatform tipi ta\u015f\u0131ma sistemine sahip Jolly Ramp 150kg ta\u015f\u0131ma kapasitesi ile neredeyse t\u00fcm ak\u00fcl\u00fc ve manuel tekerlekli sandalyeleri g\u00fcvenli \u015fekilde basamaklardan indirip \u00e7\u0131kart\u0131r.<br \/>\nMaksimum g\u00fcvenlik standartlar\u0131na sahiptir<br \/>\nOlas\u0131 bir ar\u0131za ya da ak\u00fc bitmesi durumunda tek bir tu\u015fa basarak manuel tahliye konumuna getirilebilir.<br \/>\nBirinci s\u0131n\u0131f \u00fcretim kalitesine\/standartlar\u0131na ve \u0130talyan \u00e7izgilerine sahiptir.<br \/>\nKompakt yap\u0131s\u0131yla dar alanda m\u00fckemmel bir kullan\u0131m deneyimi sunar. 115 cm x 115 cm sahanl\u0131kta kullan\u0131labilir.<br \/>\nKurulu haldeyken 105 cm uzunlu\u011fa, 97 cm y\u00fcksekli\u011fe ve 68 cm geni\u015fli\u011fe sahiptir.<br \/>\nDemonte haldeyken 31 cm geni\u015fli\u011fe, 16 cm y\u00fcksekli\u011fe ve 96 cm uzunlu\u011fa sahiptir<br \/>\n150 kg ta\u015f\u0131ma kapasitesine sahiptir<br \/>\n\u0130talya men\u015feilidir.<br \/>\n\u00dcretim hatalar\u0131na kar\u015f\u0131 2 y\u0131l ithalat\u00e7\u0131 garantisi alt\u0131ndad\u0131r.<\/p>\n","protected":false},"excerpt":{"rendered":"<p>Jolly Ramp, engellilerin eri\u015filebilirli\u011fini sa\u011flayan, tekerlekli sandalye kullan\u0131c\u0131s\u0131n\u0131 sandalyesi ile birlikte ta\u015f\u0131yan m\u00fckemmel bir engelli eri\u015fim sistemidir. Platform tipi ta\u015f\u0131ma sistemine sahip Jolly Ramp 150kg ta\u015f\u0131ma kapasitesi ile neredeyse t\u00fcm ak\u00fcl\u00fc ve manuel tekerlekli sandalyeleri g\u00fcvenli \u015fekilde basamaklardan indirip \u00e7\u0131kart\u0131r.<\/p>\n","protected":false},"featured_media":2147,"comment_status":"open","ping_status":"closed","template":"","meta":[],"product_brand":[],"product_cat":[37,92],"product_tag":[],"class_list":{"0":"post-2144","1":"product","2":"type-product","3":"status-publish","4":"has-post-thumbnail","6":"product_cat-merdiven-inme-cikma-cihazi","7":"product_cat-merdiven-tirmanici","9":"first","10":"instock","11":"shipping-taxable","12":"product-type-simple"},"_links":{"self":[{"href":"https:\/\/meccozum.com\/en\/wp-json\/wp\/v2\/product\/2144","targetHints":{"allow":["GET"]}}],"collection":[{"href":"https:\/\/meccozum.com\/en\/wp-json\/wp\/v2\/product"}],"about":[{"href":"https:\/\/meccozum.com\/en\/wp-json\/wp\/v2\/types\/product"}],"replies":[{"embeddable":true,"href":"https:\/\/meccozum.com\/en\/wp-json\/wp\/v2\/comments?post=2144"}],"wp:featuredmedia":[{"embeddable":true,"href":"https:\/\/meccozum.com\/en\/wp-json\/wp\/v2\/media\/2147"}],"wp:attachment":[{"href":"https:\/\/meccozum.com\/en\/wp-json\/wp\/v2\/media?parent=2144"}],"wp:term":[{"taxonomy":"product_brand","embeddable":true,"href":"https:\/\/meccozum.com\/en\/wp-json\/wp\/v2\/product_brand?post=2144"},{"taxonomy":"product_cat","embeddable":true,"href":"https:\/\/meccozum.com\/en\/wp-json\/wp\/v2\/product_cat?post=2144"},{"taxonomy":"product_tag","embeddable":true,"href":"https:\/\/meccozum.com\/en\/wp-json\/wp\/v2\/product_tag?post=2144"}],"curies":[{"name":"wp","href":"https:\/\/api.w.org\/{rel}","templated":true}]}}