{"id":1421,"date":"2018-04-09T03:25:17","date_gmt":"2018-04-09T03:25:17","guid":{"rendered":"http:\/\/sw-themes.com\/porto_dummy\/product\/import-placeholder-for-1336\/"},"modified":"2024-03-21T11:13:53","modified_gmt":"2024-03-21T08:13:53","slug":"aktaran-mm-57-a1","status":"publish","type":"product","link":"https:\/\/meccozum.com\/ru\/aktaran-mm-57-a1\/","title":{"rendered":"Aktaran A1"},"content":{"rendered":"<div class=\"wpb-content-wrapper\"><p>[vc_row][vc_column][vc_wp_text]<\/p>\n<div style=\"width: 1140px;\" class=\"wp-video\"><video class=\"wp-video-shortcode\" id=\"video-1421-1\" width=\"1140\" height=\"641\" poster=\"https:\/\/meccozum.com\/wp-content\/uploads\/2018\/04\/AKTARAN-A1-Kullanim-Videosu.mp4_snapshot_00.02.613.jpg\" preload=\"metadata\" controls=\"controls\"><source type=\"video\/mp4\" src=\"https:\/\/meccozum.com\/wp-content\/uploads\/2024\/03\/AKTARAN-A1-Kullanim-Videosu.mp4?_=1\" \/><a href=\"https:\/\/meccozum.com\/wp-content\/uploads\/2024\/03\/AKTARAN-A1-Kullanim-Videosu.mp4\">https:\/\/meccozum.com\/wp-content\/uploads\/2024\/03\/AKTARAN-A1-Kullanim-Videosu.mp4<\/a><\/video><\/div>\n<p>[\/vc_wp_text][\/vc_column][\/vc_row][vc_row el_class=&#187;m-b-md&#187;][vc_column][vc_column_text]<\/p>\n<h2>Milli E\u011fitim Bakanl\u0131\u011f\u0131 \u00d6zel \u00d6\u011fretim Kurumlar\u0131 Y\u00f6netmeli\u011fi<\/h2>\n<p>MEC \u00c7\u00f6z\u00fcm \u00fcretimi ve patentine sahip olan <strong>Aktaran<\/strong>\u00a0Milli E\u011fitim Bakanl\u0131\u011f\u0131 \u00d6zel \u00d6\u011fretim Kurumlar\u0131 Y\u00f6netmeli\u011fi &#8216;nce engelli eri\u015fimi sa\u011flanmas\u0131 i\u00e7in ta\u015f\u0131ma iletme sistemine uygundur.<\/p>\n<p>Ruhsatland\u0131rma i\u015flemlerinde aranan t\u00fcm kriterlere g\u00f6re TSE ve CE belgesi uygun olarak \u00fcretilmektedir. Belediye ruhsatland\u0131rma y\u00f6netmeliklerindeki gereklilik ve y\u00fck\u00fcml\u00fcl\u00fcklerin tamam\u0131na kar\u015f\u0131lamaktad\u0131r.<\/p>\n<p>MEB (<strong>Milli E\u011fitim Bakanl\u0131\u011f\u0131<\/strong>) ba\u011fl\u0131 t\u00fcm kurumlar\u0131n ruhsatland\u0131r\u0131lmas\u0131 i\u00e7in uygun olarak \u00fcretilmektedir.<\/p>\n<ul>\n<li>S\u00fcr\u00fcc\u00fc kurslar\u0131<\/li>\n<li>Anaokullar\u0131<\/li>\n<li>\u00d6zel okullar<\/li>\n<li>Et\u00fct merkezleri<\/li>\n<\/ul>\n<p>Vb. Bir \u00e7ok <strong>MEB<\/strong> y\u00f6netmeli\u011fi i\u00e7in gereken \u015fartlara uygundur.<\/p>\n<p>Bunun yan\u0131nda <strong>Aktaran<\/strong> ;<\/p>\n<ul>\n<li>Muayenehane,<\/li>\n<li>Care,<\/li>\n<li>Restoran,<\/li>\n<li>i\u015f merkezleri,<\/li>\n<li>Spor salonlar\u0131<\/li>\n<li>Stadyumlar<\/li>\n<li>Tren ve metro ula\u015f\u0131m\u0131nda,<\/li>\n<li>Ambulans ve transfer i\u015flemlerinde,<\/li>\n<li>Bina tahliyesi i\u00e7in,<\/li>\n<\/ul>\n<p>Bir \u00e7ok alandan merdiven inme \u00e7\u0131kma cihaz\u0131 olarak kullan\u0131ma uygundur.[\/vc_column_text][vc_column_text]<strong>Aktaran Engelli Merdiven \u00c7\u0131kma-\u0130nme Cihaz\u0131 \u2013\u00a0MM-57 A1<\/strong><\/p>\n<div>\u2013 <strong>Aktaran<\/strong> <strong>TSE<\/strong> Belgelidir. \u00dcretiminde <strong>T\u00fcrk standartlar\u0131 Enstit\u00fcs\u00fc<\/strong> baza al\u0131narak imal edilmektedir.<br \/>\nKontrol etmek isterseniz; TSE Belge numaras\u0131: 186023-TSE-02\/01<br \/>\n\u2013\u00a0TS ISO 7176-28\/ Tekerlekli Sandalyeler \u2013 B\u00f6l\u00fcm 28: Merdiven inme\/\u00e7\u0131kma cihazlar\u0131 i\u00e7in kurallar ve deney y\u00f6ntemleri \/ 06.03.2015 standard\u0131na uygun olarak imal edilmi\u015ftir.<\/div>\n<div>\u2013 <strong>Milli E\u011fitim Bakanl\u0131\u011f\u0131 \u00d6zel \u00d6\u011fretim Kurumlar\u0131 Y\u00f6netmeli\u011fi<\/strong>\u00b4nce aranan engellilerin eri\u015filebilirli\u011fini sa\u011flayan ta\u015f\u0131ma ve iletme sistemleri \u015fart\u0131na uygundur.<\/div>\n<div>\u2013 Ayr\u0131ca <strong>Sa\u011fl\u0131k Bakanl\u0131\u011f\u0131<\/strong>, <strong>Belediye<\/strong> vb. kurumlardaki r<strong>uhsatland\u0131rma<\/strong> i\u015flemleri i\u00e7in aranan ta\u015f\u0131ma ve iletme sistemleri \u015fart\u0131na da uygundur.<\/div>\n<div>\u2013 <strong>S\u00fcr\u00fcc\u00fc kurslar\u0131<\/strong>, <strong>anaokullar\u0131<\/strong>, <strong>\u00f6zel okullar<\/strong>, <strong>et\u00fct merkezleri<\/strong> vb. MEB\u00b4e ba\u011fl\u0131 t\u00fcm kurumlarda, Cafe, muayenehane vb. kurumlarda ruhsatland\u0131rma i\u015flemlerinde kullan\u0131l\u0131r.<\/div>\n<div>\n<p>\u2013 D\u00fcz\/Sahanl\u0131kl\u0131 (D\u00f6nerli olmayan) merdivenler i\u00e7in uygundur<\/p>\n<\/div>\n<p>[\/vc_column_text][vc_column_text]<\/p>\n<div>\n<div>\u2013 Merdiven t\u0131rman\u0131c\u0131 Aktaran MM-57 A1, hareketi k\u0131s\u0131tl\u0131 kis\u0327ilerin bu\u0308yu\u0308k bir c\u0327aba harcanmaks\u0131z\u0131n merdivenden gu\u0308venli s\u0327ekilde c\u0327\u0131kar\u0131l\u0131p indirilmesini mu\u0308mku\u0308n k\u0131lar. I\u0307c\u0327 ve d\u0131s\u0327 mekanlardaki d\u00fcz\/sahanl\u0131kl\u0131 merdivenlerde kullan\u0131labilir. Eg\u0306ik yu\u0308zeylerde kullanmak da mu\u0308mku\u0308ndu\u0308r.<br \/>\n\u2013 Palet uzunlu\u011fu ve a\u00e7\u0131s\u0131 ayarlanabilir yap\u0131s\u0131 sayesinde 3 basama\u011fa birden yaslanarak daha g\u00fcvenli bir s\u00fcr\u00fc\u015f sa\u011flar<br \/>\n\u2013 4\u2019l\u00fc emniyet kemerine sahiptir<\/div>\n<div>\u2013 Koltuk ve ana \u015fasi olarak iki par\u00e7aya ayr\u0131labilir<br \/>\n\u2013 Kol\u00e7ak y\u00fcksekli\u011fi ve derinli\u011fi ayarlanabilir<br \/>\n\u2013 Refakat\u00e7i kollar\u0131n\u0131n y\u00fcksekli\u011fi ayarlanabilir<\/div>\n<div>\u2013 \u0130nce ve zarif bir tasar\u0131ma sahiptir.<br \/>\n\u2013 TSE \u00f6nergelerine uygun olarak yanmaz d\u00f6\u015femeye sahiptir<br \/>\n\u2013 Palet a\u00e7\u0131s\u0131 kumanda paneli \u00fczerinden ayarlanabilir. Bu durum kullan\u0131c\u0131n\u0131n maksimum konforlu \u015fekilde seyahat etmesini m\u00fcmk\u00fcn k\u0131lar<br \/>\n\u2013 Pil g\u00f6stergesi dijital ekrana sahiptir. \u00dcnite \u00fczerinde acil durum klitleme butonu bulunur.<br \/>\n\u2013 Kumanda paneli \u00fczerinde S\u00fcr\u00fc\u015f ve A\u00e7\u0131 Ayarlama d\u00fc\u011fmeleri ile a\u00e7ma-kapama d\u00fc\u011fmeleri bulunur.<\/div>\n<\/div>\n<div>\n<p>\u2013 T\u00fcrkiye\u00b4de \u00fcretilmi\u015ftir.<\/p>\n<\/div>\n<p>[\/vc_column_text][\/vc_column][\/vc_row][vc_row disable_element=&#187;yes&#187;][vc_column width=&#187;2\/3&#8243; offset=&#187;vc_col-lg-6 vc_col-md-7&#8243;][\/vc_column][vc_column width=&#187;1\/3&#8243; offset=&#187;vc_col-lg-6 vc_col-md-5&#8243;][\/vc_column][\/vc_row][vc_row el_class=&#187;m-b-md&#187; css=&#187;.vc_custom_1519368676441{margin-top: 20px !important;margin-bottom: 50px !important;}&#187;][vc_column width=&#187;1\/3&#8243;]<div class=\"porto-sicon-box  wpb_custom_8de3a9252882d807fc07759102f1dec2 style_1 top-icon\"><div class=\"porto-sicon-top\"><div id=\"porto-icon-4889337846a082a85754ac\" class=\"porto-just-icon-wrapper porto-sicon-img\" style=\"border-style:solid;border-color:#dd3333;border-width:1px;padding:30px;border-radius:30px;font-size: 48px;\"><img loading=\"lazy\" decoding=\"async\" class=\"img-icon\" alt=\"\" src=\"https:\/\/meccozum.com\/wp-content\/uploads\/2021\/02\/manevra-e1544864822948.gif\" width=\"50\" height=\"50\" title=\"\"><\/div><\/div><div class=\"porto-sicon-header\"><h3 class=\"porto-sicon-title\" style=\"font-weight:700;font-size:14px;line-height:22px;\">Dar Alanda Manevra Kabiliyeti<\/h3><\/div> <!-- header --><div class=\"porto-sicon-description\" style=\"font-size:14px;line-height:27px;color:#4a505e;\"><strong>Merdiven t\u0131rmanma cihazlar\u0131<\/strong> hem spiral hem de d\u00fcz merdivenlerde 360 \u00b0 hareket kabiliyetine sahiptir.<\/div> <!-- description --><\/div><!-- porto-sicon-box -->[\/vc_column][vc_column width=&#187;1\/3&#8243;]<div class=\"porto-sicon-box  wpb_custom_8de3a9252882d807fc07759102f1dec2 style_1 top-icon\"><div class=\"porto-sicon-top\"><div id=\"porto-icon-2213203476a082a8575764\" class=\"porto-just-icon-wrapper porto-sicon-img\" style=\"border-style:solid;border-color:#dd3333;border-width:1px;padding:30px;border-radius:30px;font-size: 48px;\"><img loading=\"lazy\" decoding=\"async\" class=\"img-icon\" alt=\"\" src=\"https:\/\/meccozum.com\/wp-content\/uploads\/2021\/02\/Carico-bilanciato.gif\" width=\"100\" height=\"100\" title=\"\"><\/div><\/div><div class=\"porto-sicon-header\"><h3 class=\"porto-sicon-title\" style=\"font-weight:700;font-size:14px;line-height:22px;\">Ta\u015f\u0131ma Konforu<\/h3><\/div> <!-- header --><div class=\"porto-sicon-description\" style=\"font-size:14px;line-height:27px;color:#4a505e;\">Y\u00fck ve Engelli ta\u015f\u0131ma platformu sayesinde 400kg. kadar g\u00fcvenli ta\u015f\u0131ma sa\u011flar.<\/div> <!-- description --><\/div><!-- porto-sicon-box -->[\/vc_column][vc_column width=&#187;1\/3&#8243;]<div class=\"porto-sicon-box  wpb_custom_8de3a9252882d807fc07759102f1dec2 style_1 top-icon\"><div class=\"porto-sicon-top\"><div id=\"porto-icon-10921813816a082a8575a1f\" class=\"porto-just-icon-wrapper porto-sicon-img\" style=\"border-style:solid;border-color:#dd3333;border-width:1px;padding:30px;border-radius:30px;font-size: 48px;\"><img loading=\"lazy\" decoding=\"async\" class=\"img-icon\" alt=\"\" src=\"https:\/\/meccozum.com\/wp-content\/uploads\/2021\/02\/Antiscivolo.gif\" width=\"100\" height=\"100\" title=\"\"><\/div><\/div><div class=\"porto-sicon-header\"><h3 class=\"porto-sicon-title\" style=\"font-weight:700;font-size:14px;line-height:22px;\">Kaymaz<\/h3><\/div> <!-- header --><div class=\"porto-sicon-description\" style=\"font-size:14px;line-height:27px;color:#4a505e;\">T\u00fcm i\u00e7 ve d\u0131\u015f mekan y\u00fczeyleri i\u00e7in uygun, iz b\u0131rakmayan ve kaymayan atlaya bilen paletlere ve t\u0131rnakl\u0131 yap\u0131ya sahiptir.<br \/>\n<\/div> <!-- description --><\/div><!-- porto-sicon-box -->[\/vc_column][\/vc_row][vc_row el_class=&#187;m-b-md&#187; css=&#187;.vc_custom_1519368676441{margin-top: 20px !important;margin-bottom: 50px !important;}&#187;][vc_column width=&#187;1\/3&#8243;]<div class=\"porto-sicon-box  wpb_custom_8de3a9252882d807fc07759102f1dec2 style_1 top-icon\"><div class=\"porto-sicon-top\"><div id=\"porto-icon-18995407756a082a8575d2a\" class=\"porto-just-icon-wrapper porto-sicon-img\" style=\"border-style:solid;border-color:#dd3333;border-width:1px;padding:30px;border-radius:30px;font-size: 48px;\"><img loading=\"lazy\" decoding=\"async\" class=\"img-icon\" alt=\"\" src=\"https:\/\/meccozum.com\/wp-content\/uploads\/2021\/02\/Scale-irregolari.gif\" width=\"100\" height=\"100\" title=\"\"><\/div><\/div><div class=\"porto-sicon-header\"><h3 class=\"porto-sicon-title\" style=\"font-weight:700;font-size:14px;line-height:22px;\">D\u00fczensiz Basamaklarda Hareket<\/h3><\/div> <!-- header --><div class=\"porto-sicon-description\" style=\"font-size:14px;line-height:27px;color:#4a505e;\">D\u00fczensiz aral\u0131kl\u0131 basamaklar art\u0131k sizi engelleyemez.<\/div> <!-- description --><\/div><!-- porto-sicon-box -->[\/vc_column][vc_column width=&#187;1\/3&#8243;]<div class=\"porto-sicon-box  wpb_custom_8de3a9252882d807fc07759102f1dec2 style_1 top-icon\"><div class=\"porto-sicon-top\"><div id=\"porto-icon-20499835366a082a8575fc6\" class=\"porto-just-icon-wrapper porto-sicon-img\" style=\"border-style:solid;border-color:#dd3333;border-width:1px;padding:30px;border-radius:30px;font-size: 48px;\"><img loading=\"lazy\" decoding=\"async\" class=\"img-icon\" alt=\"\" src=\"https:\/\/meccozum.com\/wp-content\/uploads\/2021\/02\/Si-comanda-con-un-dito.gif\" width=\"100\" height=\"100\" title=\"\"><\/div><\/div><div class=\"porto-sicon-header\"><h3 class=\"porto-sicon-title\" style=\"font-weight:700;font-size:14px;line-height:22px;\">Tek Hareketle Kontrol<\/h3><\/div> <!-- header --><div class=\"porto-sicon-description\" style=\"font-size:14px;line-height:27px;color:#4a505e;\">Kullan\u0131m\u0131 kolay ve sezgisel bir \u015fekilde orant\u0131l\u0131 bir joystick ile \u00e7al\u0131\u015ft\u0131r\u0131l\u0131r.<\/div> <!-- description --><\/div><!-- porto-sicon-box -->[\/vc_column][vc_column width=&#187;1\/3&#8243;]<div class=\"porto-sicon-box  wpb_custom_8de3a9252882d807fc07759102f1dec2 style_1 top-icon\"><div class=\"porto-sicon-top\"><div id=\"porto-icon-2703159666a082a8576199\" class=\"porto-just-icon-wrapper porto-sicon-img\" style=\"border-style:solid;border-color:#dd3333;border-width:1px;padding:30px;border-radius:30px;font-size: 48px;\"><img loading=\"lazy\" decoding=\"async\" class=\"img-icon\" alt=\"\" src=\"https:\/\/meccozum.com\/wp-content\/uploads\/2021\/02\/movimento-in-piano.gif\" width=\"100\" height=\"100\" title=\"\"><\/div><\/div><div class=\"porto-sicon-header\"><h3 class=\"porto-sicon-title\" style=\"font-weight:700;font-size:14px;line-height:22px;\">Kaymaz<\/h3><p>D\u00fcz Y\u00fczeylerde Hareket<\/p><\/div> <!-- header --><div class=\"porto-sicon-description\" style=\"font-size:14px;line-height:27px;color:#4a505e;\">Her zeminde maksimum hareket kabiliyeti yapman\u0131z\u0131 sa\u011flayabilir.<br \/>\n<\/div> <!-- description --><\/div><!-- porto-sicon-box -->[\/vc_column][\/vc_row][vc_row][vc_column][vc_column_text]<a name=\"meb_onayli\"><\/a><\/p>\n<h2>MEB Onayl\u0131 Merdiven T\u0131rman\u0131c\u0131<\/h2>\n<p><strong>MEB onayl\u0131 merdiven t\u0131rman\u0131c\u0131,\u00a0<\/strong>Milli\u011fi E\u011fitim Bakanl\u0131\u011f\u0131 onayl\u0131 merdiven inme \u00e7\u0131kma cihaz\u0131 olan Aktaran tamam\u0131yla y\u00f6netmelikte istenen ko\u015fullar i\u00e7in \u00f6zel olarak \u00fcretilmektedir. 130kg. ta\u015f\u0131ma kapasitesi ile mevzuatta belirtilen t\u00fcm ko\u015fullar\u0131 kar\u015f\u0131lamaktad\u0131r. Bunun yan\u0131nda <strong>Aktaran<\/strong> modeli <strong>MEB onayl\u0131 merdiven inme \u00e7\u0131kma cihaz\u0131<\/strong> genel g\u00fcnl\u00fck kullan\u0131m i\u00e7inden \u00e7ok ideal portatif bir cihazd\u0131r. \u00d6rne\u011fin kolay kullan\u0131m\u0131 ile aktaran cihaz\u0131n\u0131z\u0131 bir araba bagaj\u0131na rahatl\u0131kla ta\u015f\u0131ya bilirsiniz.<\/p>\n<p><strong>TSE<\/strong> ve <strong>CE<\/strong> sertifikas\u0131na sahip olan T\u00fcrkiye&#8217;nin tek portatif <strong>merdiven inme \u00e7\u0131kma cihaz\u0131<\/strong> ile sevdiklerinizi ister i\u00e7 ekranlarda ister d\u0131\u015f mekanlardaki basamaklar ve platformlarda \u00f6zg\u00fcrce hareket etmesini sa\u011flayabilirsiniz.<\/p>\n<p><strong>MEB onayl\u0131 merdiven t\u0131rman\u0131c\u0131<\/strong> olarak kullan\u0131m\u0131 ve amac\u0131 geni\u015f kapsaml\u0131 olarak \u00fcretilmi\u015ftir. B\u00f6ylelikle sadece mevzuatlarda gecen y\u00fck\u00fcml\u00fcl\u00fckleri kar\u015f\u0131laman\u0131n yan\u0131nda son kullan\u0131c\u0131ya hitaben t\u00fcm gereksinimlerini kar\u015f\u0131lamaktad\u0131r.<\/p>\n<h2>Aktaran Fiyat\u0131<\/h2>\n<p>G\u00fcncel <strong>Aktaran Fiyat<\/strong> ve modelleri i\u00e7in T\u00fcrkiye deki tek yetkili \u00fcreticisi olan (MEC \u00c7\u00f6z\u00fcm) yani bizlerle <span style=\"color: #339966;\">whatsapp<\/span> yada (0549) 488 57 57 numaral\u0131 telefon \u00fczerinden bilgi isteyiniz.[\/vc_column_text][\/vc_column][\/vc_row]<\/p>\n<\/div>","protected":false},"excerpt":{"rendered":"<p><strong>Aktaran<\/strong> en son, g\u00fcncel <strong>MEB<\/strong> Milli E\u011fitim Bakanl\u0131\u011f\u0131 mevzuatlar\u0131na uygun olarak <strong>TSE<\/strong> ve <strong>CE\u00a0<\/strong>standartlar\u0131na uygun olarak yerli \u00fcretilmektedir. T\u00fcrkiye&#8217;deki tek \u00fcretici firma olan MEC \u00c7\u00f6z\u00fcm d\u00fcr. MEC \u00e7\u00f6z\u00fcm 10 y\u0131l\u0131 a\u015fk\u0131n s\u00fcredir <strong>mobil engelli eri\u015fim cihaz\u0131<\/strong> \u00fcretimi yapmaktad\u0131r.<br \/>\n<a href=\"#meb_onayli\"><strong>MEB Onayl\u0131 Merdiven T\u0131rman\u0131c\u0131<\/strong><\/a><br \/>\n<img loading=\"lazy\" decoding=\"async\" class=\"size-full wp-image-2174 aligncenter\" src=\"https:\/\/meccozum.com\/wp-content\/uploads\/2018\/04\/uygun-onayli.png\" alt=\"\" width=\"430\" height=\"160\" srcset=\"https:\/\/meccozum.com\/wp-content\/uploads\/2018\/04\/uygun-onayli.png 430w, https:\/\/meccozum.com\/wp-content\/uploads\/2018\/04\/uygun-onayli-400x149.png 400w\" sizes=\"auto, (max-width: 430px) 100vw, 430px\" \/><\/p>\n<p>MEB mevzuatlar\u0131ndaki Ta\u015f\u0131ma Kapasitesi: 130kg. olan standartlar baz al\u0131narak \u00fcretili\u015f olan <strong>Aktaran<\/strong> MM\/57-A1 Modeli her t\u00fcrl\u00fc dar, dik, d\u00f6ner merdiven, spiral merdiven, metal yada kaygan zeminlerde 130kg. ta\u015f\u0131ma kapasitesini sorunsuz kullan\u0131m kolayl\u0131\u011f\u0131 ile sa\u011flamaktad\u0131r. Tek \u015far \u00fcnitesi ile <strong>36 kat<\/strong> hi\u00e7 durmadan \u00e7\u0131kabilme yetene\u011fi yan\u0131ndan de\u011fi\u015ftirilebilir batarya \u00fcnitesi ile yar\u0131 yolda kalmadan harekete devam sa\u011flamaktad\u0131r.<\/p>\n<div class=\"vc_btn3-container vc_btn3-inline\"><a class=\"vc_general vc_btn3 vc_btn3-size-md vc_btn3-shape-default vc_btn3-style-classic vc_btn3-color-green btn\" title=\"\" href=\"https:\/\/wa.me\/905494885757\" target=\"_blank\" rel=\"nofollow noopener\">Fiyat Al<\/a><\/div>\n","protected":false},"featured_media":2217,"comment_status":"open","ping_status":"closed","template":"","meta":[],"product_brand":[],"product_cat":[38,37,92],"product_tag":[],"class_list":{"0":"post-1421","1":"product","2":"type-product","3":"status-publish","4":"has-post-thumbnail","6":"product_cat-aktaran","7":"product_cat-merdiven-inme-cikma-cihazi","8":"product_cat-merdiven-tirmanici","10":"first","11":"instock","12":"featured","13":"shipping-taxable","14":"product-type-simple"},"_links":{"self":[{"href":"https:\/\/meccozum.com\/ru\/wp-json\/wp\/v2\/product\/1421","targetHints":{"allow":["GET"]}}],"collection":[{"href":"https:\/\/meccozum.com\/ru\/wp-json\/wp\/v2\/product"}],"about":[{"href":"https:\/\/meccozum.com\/ru\/wp-json\/wp\/v2\/types\/product"}],"replies":[{"embeddable":true,"href":"https:\/\/meccozum.com\/ru\/wp-json\/wp\/v2\/comments?post=1421"}],"wp:featuredmedia":[{"embeddable":true,"href":"https:\/\/meccozum.com\/ru\/wp-json\/wp\/v2\/media\/2217"}],"wp:attachment":[{"href":"https:\/\/meccozum.com\/ru\/wp-json\/wp\/v2\/media?parent=1421"}],"wp:term":[{"taxonomy":"product_brand","embeddable":true,"href":"https:\/\/meccozum.com\/ru\/wp-json\/wp\/v2\/product_brand?post=1421"},{"taxonomy":"product_cat","embeddable":true,"href":"https:\/\/meccozum.com\/ru\/wp-json\/wp\/v2\/product_cat?post=1421"},{"taxonomy":"product_tag","embeddable":true,"href":"https:\/\/meccozum.com\/ru\/wp-json\/wp\/v2\/product_tag?post=1421"}],"curies":[{"name":"wp","href":"https:\/\/api.w.org\/{rel}","templated":true}]}}