{"id":2128,"date":"2021-02-02T11:35:44","date_gmt":"2021-02-02T11:35:44","guid":{"rendered":"https:\/\/meccozum.com\/?post_type=product&#038;p=2128"},"modified":"2022-05-11T15:26:14","modified_gmt":"2022-05-11T15:26:14","slug":"yatay-platform-asansorleri","status":"publish","type":"product","link":"https:\/\/meccozum.com\/ru\/yatay-platform-asansorleri\/","title":{"rendered":"Yatay Platform Asans\u00f6rleri"},"content":{"rendered":"<p>Paslanmaz \u00c7elikten \u00dcretilen Yatay Platform Asans\u00f6rleri<\/p>\n<p>hem i\u00e7 hemde d\u0131\u015f mekanlarda kullan\u0131lmak \u00fczere yer ve ihtiyaca g\u00f6re tasarlanmaktad\u0131r.<\/p>\n<p>Detayl\u0131 Bilgi \u0130\u00e7in m\u00fc\u015fteri temsilcilerimize ula\u015fabilirsiniz.<\/p>\n","protected":false},"excerpt":{"rendered":"<p>Paslanmaz \u00c7elikten \u00dcretilen Yatay Platform Asans\u00f6rleri hem i\u00e7 hemde d\u0131\u015f mekanlarda kullan\u0131lmak \u00fczere yer ve ihtiyaca g\u00f6re tasarlanmaktad\u0131r.<\/p>\n","protected":false},"featured_media":2132,"comment_status":"open","ping_status":"closed","template":"","meta":[],"product_brand":[],"product_cat":[89,90],"product_tag":[],"class_list":{"0":"post-2128","1":"product","2":"type-product","3":"status-publish","4":"has-post-thumbnail","6":"product_cat-engelli-asansoru","7":"product_cat-yasli-asansoru","9":"first","10":"instock","11":"featured","12":"shipping-taxable","13":"product-type-simple"},"_links":{"self":[{"href":"https:\/\/meccozum.com\/ru\/wp-json\/wp\/v2\/product\/2128","targetHints":{"allow":["GET"]}}],"collection":[{"href":"https:\/\/meccozum.com\/ru\/wp-json\/wp\/v2\/product"}],"about":[{"href":"https:\/\/meccozum.com\/ru\/wp-json\/wp\/v2\/types\/product"}],"replies":[{"embeddable":true,"href":"https:\/\/meccozum.com\/ru\/wp-json\/wp\/v2\/comments?post=2128"}],"wp:featuredmedia":[{"embeddable":true,"href":"https:\/\/meccozum.com\/ru\/wp-json\/wp\/v2\/media\/2132"}],"wp:attachment":[{"href":"https:\/\/meccozum.com\/ru\/wp-json\/wp\/v2\/media?parent=2128"}],"wp:term":[{"taxonomy":"product_brand","embeddable":true,"href":"https:\/\/meccozum.com\/ru\/wp-json\/wp\/v2\/product_brand?post=2128"},{"taxonomy":"product_cat","embeddable":true,"href":"https:\/\/meccozum.com\/ru\/wp-json\/wp\/v2\/product_cat?post=2128"},{"taxonomy":"product_tag","embeddable":true,"href":"https:\/\/meccozum.com\/ru\/wp-json\/wp\/v2\/product_tag?post=2128"}],"curies":[{"name":"wp","href":"https:\/\/api.w.org\/{rel}","templated":true}]}}