{"id":2135,"date":"2021-02-02T11:40:59","date_gmt":"2021-02-02T11:40:59","guid":{"rendered":"https:\/\/meccozum.com\/?post_type=product&#038;p=2135"},"modified":"2022-05-11T15:22:38","modified_gmt":"2022-05-11T15:22:38","slug":"dikey-asansor","status":"publish","type":"product","link":"https:\/\/meccozum.com\/ru\/dikey-asansor\/","title":{"rendered":"Dikey Asans\u00f6r"},"content":{"rendered":"<p>Platform Asans\u00f6r\u00fc \u2013 Engelli Asans\u00f6r\u00fc<\/p>\n<p>Dikey platform 3 mt ye kadar taban ile y\u00fckseklik aras\u0131nda ki mesafeyi yok etmek i\u00e7in tasarlanm\u0131\u015ft\u0131r. \u00c7elikten olu\u015fan ve kendi konstr\u00fcksiyonu ile<\/p>\n<p>hem i\u00e7 hem de d\u0131\u015f mekanlarda kullan\u0131m i\u00e7in ideal bir platformdur.<\/p>\n<p>Platform asans\u00f6r\u00fc ve Engelli Asans\u00f6rlerimiz her mekana ve alana uygun olarak dizayn edilebilmektedir. Merdiven Asans\u00f6r\u00fc olarak da kullan\u0131labilen engelli asans\u00f6r\u00fc siz m\u00fc\u015fterilerimizin be\u011fenisine sunulmu\u015ftur.<\/p>\n","protected":false},"excerpt":{"rendered":"<p>Platform asans\u00f6r\u00fc ve Engelli Asans\u00f6rlerimiz her mekana ve alana uygun olarak dizayn edilebilmektedir. Merdiven Asans\u00f6r\u00fc olarak da kullan\u0131labilen engelli asans\u00f6r\u00fc siz m\u00fc\u015fterilerimizin be\u011fenisine sunulmu\u015ftur.<\/p>\n","protected":false},"featured_media":2137,"comment_status":"open","ping_status":"closed","template":"","meta":[],"product_brand":[],"product_cat":[91,89,90],"product_tag":[],"class_list":{"0":"post-2135","1":"product","2":"type-product","3":"status-publish","4":"has-post-thumbnail","6":"product_cat-platform-asansor","7":"product_cat-engelli-asansoru","8":"product_cat-yasli-asansoru","10":"first","11":"instock","12":"featured","13":"shipping-taxable","14":"product-type-simple"},"_links":{"self":[{"href":"https:\/\/meccozum.com\/ru\/wp-json\/wp\/v2\/product\/2135","targetHints":{"allow":["GET"]}}],"collection":[{"href":"https:\/\/meccozum.com\/ru\/wp-json\/wp\/v2\/product"}],"about":[{"href":"https:\/\/meccozum.com\/ru\/wp-json\/wp\/v2\/types\/product"}],"replies":[{"embeddable":true,"href":"https:\/\/meccozum.com\/ru\/wp-json\/wp\/v2\/comments?post=2135"}],"wp:featuredmedia":[{"embeddable":true,"href":"https:\/\/meccozum.com\/ru\/wp-json\/wp\/v2\/media\/2137"}],"wp:attachment":[{"href":"https:\/\/meccozum.com\/ru\/wp-json\/wp\/v2\/media?parent=2135"}],"wp:term":[{"taxonomy":"product_brand","embeddable":true,"href":"https:\/\/meccozum.com\/ru\/wp-json\/wp\/v2\/product_brand?post=2135"},{"taxonomy":"product_cat","embeddable":true,"href":"https:\/\/meccozum.com\/ru\/wp-json\/wp\/v2\/product_cat?post=2135"},{"taxonomy":"product_tag","embeddable":true,"href":"https:\/\/meccozum.com\/ru\/wp-json\/wp\/v2\/product_tag?post=2135"}],"curies":[{"name":"wp","href":"https:\/\/api.w.org\/{rel}","templated":true}]}}