{"id":2140,"date":"2021-02-02T11:43:06","date_gmt":"2021-02-02T11:43:06","guid":{"rendered":"https:\/\/meccozum.com\/?post_type=product&#038;p=2140"},"modified":"2022-08-29T18:46:41","modified_gmt":"2022-08-29T18:46:41","slug":"merits-e801-tekerlekli-sandalye-tasiyici","status":"publish","type":"product","link":"https:\/\/meccozum.com\/ru\/merits-e801-tekerlekli-sandalye-tasiyici\/","title":{"rendered":"Merits E801 Tekerlekli Sandalye Ta\u015f\u0131y\u0131c\u0131"},"content":{"rendered":"<p>M\u00fckemmel manevra kabiliyeti: Patent bekleyen direksiyon sistemi: Hemen hemen her merdivende kolay kullan\u0131m: dar, geni\u015f, d\u00fcz veya dik Otomatik \/ Manuel Bir merdiven t\u0131rmanma sandalyesine veya tekerlekli sandalyeye tak\u0131lmas\u0131 ve tutulmas\u0131 kolayd\u0131r<\/p>\n","protected":false},"excerpt":{"rendered":"<p>M\u00fckemmel manevra kabiliyeti: Patent bekleyen direksiyon sistemi: Hemen hemen her merdivende kolay kullan\u0131m: dar, geni\u015f, d\u00fcz veya dik Otomatik \/ Manuel Bir merdiven t\u0131rmanma sandalyesine veya tekerlekli sandalyeye tak\u0131lmas\u0131 ve tutulmas\u0131 kolayd\u0131r<\/p>\n","protected":false},"featured_media":2141,"comment_status":"open","ping_status":"closed","template":"","meta":[],"product_brand":[],"product_cat":[37,92],"product_tag":[],"class_list":{"0":"post-2140","1":"product","2":"type-product","3":"status-publish","4":"has-post-thumbnail","6":"product_cat-merdiven-inme-cikma-cihazi","7":"product_cat-merdiven-tirmanici","9":"first","10":"instock","11":"shipping-taxable","12":"product-type-simple"},"_links":{"self":[{"href":"https:\/\/meccozum.com\/ru\/wp-json\/wp\/v2\/product\/2140","targetHints":{"allow":["GET"]}}],"collection":[{"href":"https:\/\/meccozum.com\/ru\/wp-json\/wp\/v2\/product"}],"about":[{"href":"https:\/\/meccozum.com\/ru\/wp-json\/wp\/v2\/types\/product"}],"replies":[{"embeddable":true,"href":"https:\/\/meccozum.com\/ru\/wp-json\/wp\/v2\/comments?post=2140"}],"wp:featuredmedia":[{"embeddable":true,"href":"https:\/\/meccozum.com\/ru\/wp-json\/wp\/v2\/media\/2141"}],"wp:attachment":[{"href":"https:\/\/meccozum.com\/ru\/wp-json\/wp\/v2\/media?parent=2140"}],"wp:term":[{"taxonomy":"product_brand","embeddable":true,"href":"https:\/\/meccozum.com\/ru\/wp-json\/wp\/v2\/product_brand?post=2140"},{"taxonomy":"product_cat","embeddable":true,"href":"https:\/\/meccozum.com\/ru\/wp-json\/wp\/v2\/product_cat?post=2140"},{"taxonomy":"product_tag","embeddable":true,"href":"https:\/\/meccozum.com\/ru\/wp-json\/wp\/v2\/product_tag?post=2140"}],"curies":[{"name":"wp","href":"https:\/\/api.w.org\/{rel}","templated":true}]}}