{"id":2292,"date":"2021-04-15T10:48:56","date_gmt":"2021-04-15T10:48:56","guid":{"rendered":"https:\/\/meccozum.com\/?post_type=product&#038;p=2292"},"modified":"2023-11-26T15:56:52","modified_gmt":"2023-11-26T12:56:52","slug":"aktaran-mm-57-t1","status":"publish","type":"product","link":"https:\/\/meccozum.com\/ru\/aktaran-mm-57-t1\/","title":{"rendered":"Aktaran T1"},"content":{"rendered":"<div class=\"wpb-content-wrapper\"><p>[vc_row][vc_column][vc_video link=&#187;https:\/\/youtube.com\/shorts\/S49zc7XlsL8&#8243;][vc_video link=&#187;https:\/\/www.youtube.com\/watch?v=j84gVlOTwKo&#187;][\/vc_column][\/vc_row][vc_row el_class=&#187;m-b-md&#187;][vc_column][vc_column_text]<strong>Aktaran T1 Merdiven T\u0131rman\u0131c\u0131 Y\u00fck, E\u015fya Ta\u015f\u0131ma Sistemi<\/strong><\/p>\n<div>\u2013 TSE Belgelidir.\u00a0TSE Belge numaras\u0131: 186023-TSE-02\/01<br \/>\n\u2013\u00a0TS ISO 7176-28\/ Tekerlekli Sandalyeler \u2013 B\u00f6l\u00fcm 28: Merdiven inme\/\u00e7\u0131kma cihazlar\u0131 i\u00e7in kurallar ve deney y\u00f6ntemleri \/ 06.03.2015 standard\u0131na uygun olarak imal edilmi\u015ftir.<\/div>\n<div>\u2013 Milli E\u011fitim Bakanl\u0131\u011f\u0131 \u00d6zel \u00d6\u011fretim Kurumlar\u0131 Y\u00f6netmeli\u011fi\u00b4nce aranan engellilerin eri\u015filebilirli\u011fini sa\u011flayan ta\u015f\u0131ma ve iletme sistemleri \u015fart\u0131na uygundur.<\/div>\n<div>\u2013 Ayr\u0131ca Sa\u011fl\u0131k Bakanl\u0131\u011f\u0131, Belediye vb. kurumlardaki ruhsatland\u0131rma i\u015flemleri i\u00e7in aranan ta\u015f\u0131ma ve iletme sistemleri \u015fart\u0131na da uygundur.<\/div>\n<div>\u2013 S\u00fcr\u00fcc\u00fc kurslar\u0131, anaokullar\u0131, \u00f6zel okullar, et\u00fct merkezleri vb. MEB\u00b4e ba\u011fl\u0131 t\u00fcm kurumlarda, Cafe, muayenehane vb. kurumlarda ruhsatland\u0131rma i\u015flemlerinde kullan\u0131l\u0131r.<\/div>\n<div>\n<p>\u2013 D\u00fcz\/Sahanl\u0131kl\u0131 (D\u00f6nerli olmayan) merdivenler i\u00e7in uygundur<\/p>\n<div>\u2013 Merdiven t\u0131rman\u0131c\u0131 Aktaran MM-57 T1, hareketi k\u0131s\u0131tl\u0131 kis\u0327ilerin bu\u0308yu\u0308k bir c\u0327aba harcanmaks\u0131z\u0131n merdivenden<strong>\u00a0kendi tekerlekli veya ak\u00fcl\u00fc sandalyeleri ile birlikte<\/strong>\u00a0gu\u0308venli s\u0327ekilde c\u0327\u0131kar\u0131l\u0131p indirilmesini mu\u0308mku\u0308n k\u0131lar. I\u0307c\u0327 ve d\u0131s\u0327 mekanlardaki d\u00fcz\/sahanl\u0131kl\u0131 merdivenlerde kullan\u0131labilir. Eg\u0306ik yu\u0308zeylerde kullanmak da mu\u0308mku\u0308ndu\u0308r.<br \/>\n\u2013 Palet uzunlu\u011fu ve a\u00e7\u0131s\u0131 ayarlanabilir yap\u0131s\u0131 sayesinde 3 basama\u011fa birden yaslanarak daha g\u00fcvenli bir s\u00fcr\u00fc\u015f sa\u011flar<br \/>\n\u2013 4\u2019l\u00fc kelep\u00e7e kilitlere sahiptir<\/div>\n<div>\u2013 Koltuk ve ana \u015fasi olarak iki par\u00e7aya ayr\u0131labilir<br \/>\n\u2013 Kol\u00e7ak y\u00fcksekli\u011fi ve derinli\u011fi ayarlanabilir<br \/>\n\u2013 Refakat\u00e7i kollar\u0131n\u0131n y\u00fcksekli\u011fi ayarlanabilir<\/div>\n<div>\u2013 \u0130nce ve zarif bir tasar\u0131ma sahiptir.<br \/>\n\u2013 TSE y\u00f6nergelerine uygun olarak yanmaz d\u00f6\u015femeye sahiptir<br \/>\n\u2013 Palet a\u00e7\u0131s\u0131 kumanda paneli \u00fczerinden ayarlanabilir. Bu durum kullan\u0131c\u0131n\u0131n maksimum konforlu \u015fekilde seyahat etmesini m\u00fcmk\u00fcn k\u0131lar<br \/>\n\u2013 Pil g\u00f6stergesi dijital ekrana sahiptir. \u00dcnite \u00fczerinde acil durum klitleme butonu bulunur.<br \/>\n\u2013 Kumanda paneli \u00fczerinde S\u00fcr\u00fc\u015f ve A\u00e7\u0131 Ayarlama d\u00fc\u011fmeleri ile a\u00e7ma-kapama d\u00fc\u011fmeleri bulunur.<\/div>\n<\/div>\n<div>\n<p>\u2013 T\u00fcrkiye\u00b4de \u00fcretilmi\u015ftir.<\/p>\n<p><b>Teknik Bilgiler:<\/b><\/p>\n<\/div>\n<p>Ta\u015f\u0131ma kapasitesi: 160 kg<br \/>\nMilli E\u011fitim Bakanl\u0131\u011f\u0131 \u00d6zel \u00d6\u011fretim Kurumlar\u0131 Y\u00f6netmeli\u011fi\u00b4nce aranan engellilerin eri\u015filebilirli\u011fini sa\u011flayan ta\u015f\u0131ma ve iletme sistemleri \u015fart\u0131na uygundur.<br \/>\nAyr\u0131ca Sa\u011fl\u0131k Bakanl\u0131\u011f\u0131, Belediye vb. kurumlardaki ruhsatland\u0131rma i\u015flemleri i\u00e7in aranan ta\u015f\u0131ma ve iletme sistemleri \u015fart\u0131na da uygundur.<br \/>\nS\u00fcr\u00fcc\u00fc kurslar\u0131, anaokullar\u0131, \u00f6zel okullar, et\u00fct merkezleri vb. MEB\u00b4e ba\u011fl\u0131 t\u00fcm kurumlarda, Cafe, muayenehane vb. kurumlarda ruhsatland\u0131rma i\u015flemlerinde kullan\u0131l\u0131r.<br \/>\nD\u00fcz\/Sahanl\u0131kl\u0131 (D\u00f6nerli olmayan) merdivenler i\u00e7in uygundur<br \/>\nT\u00fcrkiye\u00b4de \u00fcretilmi\u015ftir.<\/p>\n<p><strong>\u00dcR\u00dcN TSE BELGES\u0130N\u0130 SORGULAMAK \u0130\u00c7\u0130N L\u00dcTFEN LINK KULLANIN<\/strong>[\/vc_column_text][\/vc_column][\/vc_row][vc_row disable_element=&#187;yes&#187;][vc_column][vc_column_text]Sed do eiusmod tempor incididunt ut labore et dolore magna aliqua. Ut enim ad minim veniam, quis nostrud exercitation ullamco laboris nisi ut aliquip ex ea commodo consequat. Sed do eiusmod tempor incididunt ut labore et dolore magna aliqua. Ut enim ad minim veniam, quis nostrud exercitation ullamco laboris nisi ut aliquip ex ea commodo consequat. Sed do eiusmod tempor incididunt ut labore et dolore magna aliqua. Ut enim ad minim veniam, quis nostrud exercitation ullamco laboris nisi ut aliquip ex ea commodo consequat.[\/vc_column_text][\/vc_column][\/vc_row]<\/p>\n<\/div>","protected":false},"excerpt":{"rendered":"<p><strong>Aktaran MM-57\/T1<\/strong>\u00a0 <strong>Y\u00fck ve E\u015fya ta\u015f\u0131yan <\/strong>ki\u015filer ve i\u015fletmeler i\u00e7in \u00f6zel \u00fcretilmi\u015ftir. <strong>160Kg<\/strong>. ta\u015f\u0131ma kapasitesi olan <strong>T1 model<\/strong>i, merdiven ve rampalardan y\u00fcklerinizi kolayl\u0131k ve rahatl\u0131kla, indirip \u00e7\u0131kartman\u0131z\u0131 sa\u011flar. \u00c7al\u0131\u015fan, i\u015fci g\u00fcvenli\u011fe i\u00e7in ideal bir transfer arac\u0131d\u0131r. <strong>Tek bir ki\u015fi rahatl\u0131klar en a\u011f\u0131r malzemeleri tek tu\u015f tak\u0131m\u0131 kontrol\u00fc ile ta\u015f\u0131yabilir.<\/strong><br \/>\n<strong>MM-57\/T1\u00a0 \u00a0160 KG Ta\u015f\u0131ma kapasitesi<\/strong> ile kendi kulvar\u0131nda ki bir \u00e7ok cihaz\u0131 geride b\u0131rakm\u0131\u015ft\u0131r. Tamamen yerli sermaye ile \u00fcretilen <strong>MM-57\/T1<\/strong>\u00a0 <strong>\u00a0TSE<\/strong> belgesi &#8216;de alarak konforunu ve g\u00fcvenilirli\u011fini ispatlam\u0131\u015ft\u0131r.<\/p>\n<div class=\"social_share_holder\"><\/div>\n","protected":false},"featured_media":2299,"comment_status":"open","ping_status":"closed","template":"","meta":[],"product_brand":[],"product_cat":[38,99,37,92,101],"product_tag":[],"class_list":{"0":"post-2292","1":"product","2":"type-product","3":"status-publish","4":"has-post-thumbnail","6":"product_cat-aktaran","7":"product_cat-merdiven-cikan-el-arabasi","8":"product_cat-merdiven-inme-cikma-cihazi","9":"product_cat-merdiven-tirmanici","10":"product_cat-paletli-yuk-tasima-araci","12":"first","13":"instock","14":"featured","15":"shipping-taxable","16":"product-type-simple"},"_links":{"self":[{"href":"https:\/\/meccozum.com\/ru\/wp-json\/wp\/v2\/product\/2292","targetHints":{"allow":["GET"]}}],"collection":[{"href":"https:\/\/meccozum.com\/ru\/wp-json\/wp\/v2\/product"}],"about":[{"href":"https:\/\/meccozum.com\/ru\/wp-json\/wp\/v2\/types\/product"}],"replies":[{"embeddable":true,"href":"https:\/\/meccozum.com\/ru\/wp-json\/wp\/v2\/comments?post=2292"}],"wp:featuredmedia":[{"embeddable":true,"href":"https:\/\/meccozum.com\/ru\/wp-json\/wp\/v2\/media\/2299"}],"wp:attachment":[{"href":"https:\/\/meccozum.com\/ru\/wp-json\/wp\/v2\/media?parent=2292"}],"wp:term":[{"taxonomy":"product_brand","embeddable":true,"href":"https:\/\/meccozum.com\/ru\/wp-json\/wp\/v2\/product_brand?post=2292"},{"taxonomy":"product_cat","embeddable":true,"href":"https:\/\/meccozum.com\/ru\/wp-json\/wp\/v2\/product_cat?post=2292"},{"taxonomy":"product_tag","embeddable":true,"href":"https:\/\/meccozum.com\/ru\/wp-json\/wp\/v2\/product_tag?post=2292"}],"curies":[{"name":"wp","href":"https:\/\/api.w.org\/{rel}","templated":true}]}}